{"id":100,"date":"2023-02-06T11:25:22","date_gmt":"2023-02-06T07:25:22","guid":{"rendered":"https:\/\/mathusalem974.org\/?page_id=100"},"modified":"2024-07-14T16:37:55","modified_gmt":"2024-07-14T12:37:55","slug":"contact","status":"publish","type":"page","link":"https:\/\/mathusalem974.org\/index.php\/contact\/","title":{"rendered":"CONTACT"},"content":{"rendered":"\t\t<div data-elementor-type=\"wp-page\" data-elementor-id=\"100\" class=\"elementor elementor-100\">\n\t\t\t\t<div class=\"elementor-element elementor-element-fe05604 e-flex e-con-boxed e-con e-parent\" data-id=\"fe05604\" data-element_type=\"container\" data-e-type=\"container\">\n\t\t\t\t\t<div class=\"e-con-inner\">\n\t\t\t\t<div class=\"elementor-element elementor-element-f4a45aa elementor-widget elementor-widget-image\" data-id=\"f4a45aa\" data-element_type=\"widget\" data-e-type=\"widget\" data-widget_type=\"image.default\">\n\t\t\t\t<div class=\"elementor-widget-container\">\n\t\t\t\t\t\t\t\t\t\t\t\t\t\t\t<img fetchpriority=\"high\" decoding=\"async\" width=\"1024\" height=\"247\" src=\"https:\/\/mathusalem974.org\/wp-content\/uploads\/2024\/07\/contact2-1024x247.png\" class=\"attachment-large size-large wp-image-303\" alt=\"\" srcset=\"https:\/\/mathusalem974.org\/wp-content\/uploads\/2024\/07\/contact2-1024x247.png 1024w, https:\/\/mathusalem974.org\/wp-content\/uploads\/2024\/07\/contact2-300x72.png 300w, https:\/\/mathusalem974.org\/wp-content\/uploads\/2024\/07\/contact2-768x185.png 768w, https:\/\/mathusalem974.org\/wp-content\/uploads\/2024\/07\/contact2-1536x370.png 1536w, https:\/\/mathusalem974.org\/wp-content\/uploads\/2024\/07\/contact2-1000x241.png 1000w, https:\/\/mathusalem974.org\/wp-content\/uploads\/2024\/07\/contact2-230x55.png 230w, https:\/\/mathusalem974.org\/wp-content\/uploads\/2024\/07\/contact2-350x84.png 350w, https:\/\/mathusalem974.org\/wp-content\/uploads\/2024\/07\/contact2-480x116.png 480w, https:\/\/mathusalem974.org\/wp-content\/uploads\/2024\/07\/contact2.png 1894w\" sizes=\"(max-width: 1024px) 100vw, 1024px\" \/>\t\t\t\t\t\t\t\t\t\t\t\t\t\t\t<\/div>\n\t\t\t\t<\/div>\n\t\t\t\t\t<\/div>\n\t\t\t\t<\/div>\n\t\t<div class=\"elementor-element elementor-element-110a9be e-flex e-con-boxed e-con e-parent\" data-id=\"110a9be\" data-element_type=\"container\" data-e-type=\"container\">\n\t\t\t\t\t<div class=\"e-con-inner\">\n\t\t\t\t<div class=\"elementor-element elementor-element-17c6ad5 elementor-widget elementor-widget-button\" data-id=\"17c6ad5\" data-element_type=\"widget\" data-e-type=\"widget\" data-widget_type=\"button.default\">\n\t\t\t\t<div class=\"elementor-widget-container\">\n\t\t\t\t\t\t\t\t\t<div class=\"elementor-button-wrapper\">\n\t\t\t\t\t<a class=\"elementor-button elementor-button-link elementor-size-sm\" href=\"https:\/\/mathusalem974.org\/wp-content\/uploads\/2024\/07\/Bulletin_adhesion.pdf\">\n\t\t\t\t\t\t<span class=\"elementor-button-content-wrapper\">\n\t\t\t\t\t\t\t\t\t<span class=\"elementor-button-text\">T\u00e9l\u00e9chargez ici le bulletin d'adh\u00e9sion<\/span>\n\t\t\t\t\t<\/span>\n\t\t\t\t\t<\/a>\n\t\t\t\t<\/div>\n\t\t\t\t\t\t\t\t<\/div>\n\t\t\t\t<\/div>\n\t\t\t\t\t<\/div>\n\t\t\t\t<\/div>\n\t\t\t\t<\/div>\n\t\t","protected":false},"excerpt":{"rendered":"<p>T\u00e9l\u00e9chargez ici le bulletin d&rsquo;adh\u00e9sion<\/p>\n","protected":false},"author":1,"featured_media":0,"parent":0,"menu_order":0,"comment_status":"closed","ping_status":"closed","template":"","meta":{"footnotes":""},"class_list":["post-100","page","type-page","status-publish","hentry"],"_links":{"self":[{"href":"https:\/\/mathusalem974.org\/index.php\/wp-json\/wp\/v2\/pages\/100","targetHints":{"allow":["GET"]}}],"collection":[{"href":"https:\/\/mathusalem974.org\/index.php\/wp-json\/wp\/v2\/pages"}],"about":[{"href":"https:\/\/mathusalem974.org\/index.php\/wp-json\/wp\/v2\/types\/page"}],"author":[{"embeddable":true,"href":"https:\/\/mathusalem974.org\/index.php\/wp-json\/wp\/v2\/users\/1"}],"replies":[{"embeddable":true,"href":"https:\/\/mathusalem974.org\/index.php\/wp-json\/wp\/v2\/comments?post=100"}],"version-history":[{"count":26,"href":"https:\/\/mathusalem974.org\/index.php\/wp-json\/wp\/v2\/pages\/100\/revisions"}],"predecessor-version":[{"id":327,"href":"https:\/\/mathusalem974.org\/index.php\/wp-json\/wp\/v2\/pages\/100\/revisions\/327"}],"wp:attachment":[{"href":"https:\/\/mathusalem974.org\/index.php\/wp-json\/wp\/v2\/media?parent=100"}],"curies":[{"name":"wp","href":"https:\/\/api.w.org\/{rel}","templated":true}]}}