{"id":240,"date":"2024-07-12T15:46:27","date_gmt":"2024-07-12T11:46:27","guid":{"rendered":"https:\/\/mathusalem974.org\/?page_id=240"},"modified":"2024-07-12T15:49:26","modified_gmt":"2024-07-12T11:49:26","slug":"mentions-legales","status":"publish","type":"page","link":"https:\/\/mathusalem974.org\/index.php\/mentions-legales\/","title":{"rendered":"MENTIONS LEGALES"},"content":{"rendered":"\t\t<div data-elementor-type=\"wp-page\" data-elementor-id=\"240\" class=\"elementor elementor-240\">\n\t\t\t\t<div class=\"elementor-element elementor-element-a35bbd3 e-flex e-con-boxed e-con e-parent\" data-id=\"a35bbd3\" data-element_type=\"container\" data-e-type=\"container\">\n\t\t\t\t\t<div class=\"e-con-inner\">\n\t\t\t\t<div class=\"elementor-element elementor-element-4efcb0d1 elementor-widget elementor-widget-text-editor\" data-id=\"4efcb0d1\" data-element_type=\"widget\" data-e-type=\"widget\" data-widget_type=\"text-editor.default\">\n\t\t\t\t<div class=\"elementor-widget-container\">\n\t\t\t\t\t\t\t\t\t<p><\/p>\n<p>\u00c9diteur: Mathusalem R\u00e9union<\/p>\n<p><\/p>\n<p><\/p>\n<p>Directeur de la publication : Jean-Louis Lecocq<\/p>\n<p><\/p>\n<p><\/p>\n<p>Pr\u00e9sident : Jean-Louis Lecocq<\/p>\n<p><\/p>\n<p><\/p>\n<p>T\u00e9l : +262 (0) 692&nbsp;851&nbsp;342<\/p>\n<p><\/p>\n<p><\/p>\n<p>Email: contact.mathusalem974@gmail.com<\/p>\n<p><\/p>\n<p><\/p>\n<p>H\u00e9bergeur: Hostinger International Ltd 61 Lordou Vironos Street Larnaca 6023 Cyprus<\/p><p><br><\/p>\n<p><\/p>\n<p><\/p>\n<p><strong>Propri\u00e9t\u00e9 intellectuelle<\/strong><\/p>\n<p><\/p>\n<p><\/p>\n<p>La structure, la mise en page, la charte graphique, les textes, la base de donn\u00e9e, les images, les photos, les sons, les vid\u00e9os et tout autre \u00e9l\u00e9ment composant ce site, except\u00e9s sur la page \u00ab Actions en Cours \u00bb sont la propri\u00e9t\u00e9 exclusive de \u00ab Mathusalem R\u00e9union \u00bb et sont prot\u00e9g\u00e9s par le droit d\u2019auteur. Toute repr\u00e9sentation totale ou partielle de ce site, par quelque proc\u00e9d\u00e9 que ce soit sans l\u2019autorisation de \u00ab Mathusalem R\u00e9union \u00bb est interdite et constituerait un d\u00e9lit. Les marques, les noms commerciaux et les logos figurant sur ce site sont des marques d\u00e9pos\u00e9es sauf mention contraire. Toute reproduction totale ou partielle des marques ou logos, effectu\u00e9e \u00e0 partir des \u00e9l\u00e9ments du site, sans l\u2019autorisation expresse de \u00bbMathusalem France \u00bb est donc interdit.<\/p>\n<p><\/p>\n<p><\/p>\n<p>\u00ab Mathusalem R\u00e9union \u00bb et son site internet sont prot\u00e9g\u00e9s par le droit d\u2019auteur. Toute repr\u00e9sentation totale ou partielle de ce site, par quelque proc\u00e9d\u00e9 que ce soit sans l\u2019autorisation de \u00ab Mathusalem R\u00e9union \u00bb est interdite et constituerait un d\u00e9lit. Les marques, les noms commerciaux et les logos figurant sur ce site sont des marques d\u00e9pos\u00e9es sauf mention contraire. Toute reproduction totale ou partielle des marques ou logos, effectu\u00e9e \u00e0 partir des \u00e9l\u00e9ments du site, sans l\u2019autorisation expresse de \u00ab Mathusalem R\u00e9union \u00bb est donc interdit.<\/p>\n<p><\/p>\n<p><\/p>\n<p>Toute utilisation du logo \u00ab Mathusalem R\u00e9union \u00bb doit faire l\u2019objet d\u2019une autorisation pr\u00e9alable de la part de l\u2019association \u00ab Mathusalem R\u00e9union \u00bb.<\/p><p><br><\/p>\n<p><\/p>\n<p><\/p>\n<p><strong>Exon\u00e9ration de la responsabilit\u00e9<\/strong><\/p>\n<p><\/p>\n<p><\/p>\n<p>\u00ab Mathusalem R\u00e9union \u00bb ne garantie pas l\u2019exactitude et l\u2019exhaustivit\u00e9 des informations communiqu\u00e9es sur l\u2019ensemble de ses sites internet. Ces informations sont donn\u00e9es \u00e0 titre informatif seulement et peuvent \u00eatre d\u00e9su\u00e8tes.<\/p>\n<p><\/p>\n<p><\/p>\n<p>\u00ab Mathusalem R\u00e9union \u00bb d\u00e9cline toute responsabilit\u00e9 en cas de difficult\u00e9 d\u2019acc\u00e8s \u00e0 l\u2019un de ses sites internet ou de difficult\u00e9 de connexion, et ce quelle que soit la cause. De plus, il ne peut \u00eatre tenu pour responsable en cas de dommage ou virus qui pourrait infecter votre ordinateur ou tout mat\u00e9riel informatique.<\/p>\n<p><\/p>\n<p><\/p>\n<p>Les liens hypertextes pr\u00e9sents sur le sites de \u00ab Mathusalem R\u00e9union \u00bb, renvoyant vers des sites tiers, sont donn\u00e9s \u00e0 titre d\u2019informations compl\u00e9mentaires. \u00ab Mathusalem R\u00e9union \u00bb, ne peut \u00eatre tenu pour responsable de leur contenu, liens ou mise \u00e0 jour.<\/p><p><br><\/p>\n<p><\/p>\n<p><\/p>\n<p><strong>Loi \u00ab Informatique et Libert\u00e9 \u00bb<\/strong><\/p>\n<p><\/p>\n<p><\/p>\n<p>En application de la loi n\u00b078-17 du 6 janvier 1978 relative \u00e0 l\u2019informatique, aux fichiers et aux libert\u00e9s, vous disposez des droits d\u2019opposition (art.26 de la loi), d\u2019acc\u00e8s (art.34 \u00e0 38 de la loi), et de<br>rectification (art.36 de la loi) des donn\u00e9es vous concernant. Ainsi, vous pouvez exiger que soient rectifi\u00e9es, compl\u00e9t\u00e9es, clarifi\u00e9es, mises \u00e0 jour ou effac\u00e9es les informations vous concernant qui sont inexactes, incompl\u00e8tes, \u00e9quivoques, p\u00e9rim\u00e9es ou dont la collecte ou l\u2019utilisation, la communication ou la conservation est interdite.<\/p><p><br><\/p>\n<p><\/p>\n<p><\/p>\n<p><strong>Responsabilit\u00e9<\/strong><\/p>\n<p><\/p>\n<p><\/p>\n<p>\u00ab Mathusalem R\u00e9union \u00bb ne saurait garantir l\u2019exactitude et l\u2019exhaustivit\u00e9 des informations diffus\u00e9es sur le site. Il ne saurait ainsi \u00eatre tenu pour responsable des erreurs ou omissions, ainsi que des indisponibilit\u00e9s d\u2019informations. Les informations consultables sur le site le sont \u00e0 titre informatif et constituent une offre de services et de produits.<\/p>\n<p><\/p>\n<p><\/p>\n<p>Conception, design et d\u00e9veloppement du site Internet: Mathusalem R\u00e9union<\/p>\n<p><\/p>\t\t\t\t\t\t\t\t<\/div>\n\t\t\t\t<\/div>\n\t\t\t\t\t<\/div>\n\t\t\t\t<\/div>\n\t\t\t\t<\/div>\n\t\t","protected":false},"excerpt":{"rendered":"<p>\u00c9diteur: Mathusalem R\u00e9union Directeur de la publication : Jean-Louis Lecocq Pr\u00e9sident : Jean-Louis Lecocq T\u00e9l : +262 (0) 692&nbsp;851&nbsp;342 Email: contact.mathusalem974@gmail.com H\u00e9bergeur: Hostinger International Ltd 61 Lordou Vironos Street Larnaca 6023 Cyprus Propri\u00e9t\u00e9 intellectuelle La structure, la mise en page, la charte graphique, les textes, la base de donn\u00e9e, les images, les photos, les sons, les vid\u00e9os et tout autre \u00e9l\u00e9ment composant ce site, except\u00e9s sur la page \u00ab Actions en Cours \u00bb sont la propri\u00e9t\u00e9 exclusive de \u00ab Mathusalem R\u00e9union \u00bb et sont prot\u00e9g\u00e9s par le droit d\u2019auteur. Toute repr\u00e9sentation totale ou partielle de ce site, par quelque proc\u00e9d\u00e9 que ce soit sans l\u2019autorisation de \u00ab Mathusalem R\u00e9union \u00bb est interdite et constituerait un d\u00e9lit. Les marques, les noms [&hellip;]<\/p>\n","protected":false},"author":1,"featured_media":0,"parent":0,"menu_order":0,"comment_status":"closed","ping_status":"closed","template":"","meta":{"footnotes":""},"class_list":["post-240","page","type-page","status-publish","hentry"],"_links":{"self":[{"href":"https:\/\/mathusalem974.org\/index.php\/wp-json\/wp\/v2\/pages\/240","targetHints":{"allow":["GET"]}}],"collection":[{"href":"https:\/\/mathusalem974.org\/index.php\/wp-json\/wp\/v2\/pages"}],"about":[{"href":"https:\/\/mathusalem974.org\/index.php\/wp-json\/wp\/v2\/types\/page"}],"author":[{"embeddable":true,"href":"https:\/\/mathusalem974.org\/index.php\/wp-json\/wp\/v2\/users\/1"}],"replies":[{"embeddable":true,"href":"https:\/\/mathusalem974.org\/index.php\/wp-json\/wp\/v2\/comments?post=240"}],"version-history":[{"count":4,"href":"https:\/\/mathusalem974.org\/index.php\/wp-json\/wp\/v2\/pages\/240\/revisions"}],"predecessor-version":[{"id":247,"href":"https:\/\/mathusalem974.org\/index.php\/wp-json\/wp\/v2\/pages\/240\/revisions\/247"}],"wp:attachment":[{"href":"https:\/\/mathusalem974.org\/index.php\/wp-json\/wp\/v2\/media?parent=240"}],"curies":[{"name":"wp","href":"https:\/\/api.w.org\/{rel}","templated":true}]}}