{"id":51,"date":"2023-02-05T07:00:52","date_gmt":"2023-02-05T06:00:52","guid":{"rendered":"https:\/\/mathusalem974.org\/?page_id=51"},"modified":"2023-02-08T18:20:30","modified_gmt":"2023-02-08T14:20:30","slug":"presentation-2","status":"publish","type":"page","link":"https:\/\/mathusalem974.org\/index.php\/presentation-2\/","title":{"rendered":"POURQUOI MATHUSALEM ?"},"content":{"rendered":"\n<figure class=\"wp-block-image size-large\"><img fetchpriority=\"high\" decoding=\"async\" width=\"1024\" height=\"181\" src=\"https:\/\/mathusalem974.org\/wp-content\/uploads\/2023\/02\/Presentation-1-1024x181.jpg\" alt=\"\" class=\"wp-image-58\" srcset=\"https:\/\/mathusalem974.org\/wp-content\/uploads\/2023\/02\/Presentation-1-1024x181.jpg 1024w, https:\/\/mathusalem974.org\/wp-content\/uploads\/2023\/02\/Presentation-1-300x53.jpg 300w, https:\/\/mathusalem974.org\/wp-content\/uploads\/2023\/02\/Presentation-1-768x136.jpg 768w, https:\/\/mathusalem974.org\/wp-content\/uploads\/2023\/02\/Presentation-1-1536x272.jpg 1536w, https:\/\/mathusalem974.org\/wp-content\/uploads\/2023\/02\/Presentation-1-2048x362.jpg 2048w, https:\/\/mathusalem974.org\/wp-content\/uploads\/2023\/02\/Presentation-1-1000x177.jpg 1000w, https:\/\/mathusalem974.org\/wp-content\/uploads\/2023\/02\/Presentation-1-230x41.jpg 230w, https:\/\/mathusalem974.org\/wp-content\/uploads\/2023\/02\/Presentation-1-350x62.jpg 350w, https:\/\/mathusalem974.org\/wp-content\/uploads\/2023\/02\/Presentation-1-480x85.jpg 480w\" sizes=\"(max-width: 1024px) 100vw, 1024px\" \/><\/figure>\n\n\n\n<p>Parce que&#8230; perdre son emploi ou vieillir, c\u2019est se d\u00e9tacher peu \u00e0 peu de son groupe social habituel, celui des actifs, pour entrer dans un monde qui risque de devenir celui de l\u2019ennui et de la solitude.<\/p>\n\n\n\n<p>Parce que&#8230; si le d\u00e9veloppement des connaissances m\u00e9dicales permet \u00e0 chacun d\u2019envisager une vie plus longue, il ne le met pas \u00e0 l\u2019abri de l\u2019affaiblissement de ses facult\u00e9s.<\/p>\n\n\n\n<p>Parce que&#8230; \u00ab Le jour de son Initiation, nous, Franc-Ma\u00e7onnes et Franc-Ma\u00e7ons, avons pr\u00eat\u00e9 serment d\u2019assistance \u00e0 nos S\u0153urs et \u00e0 nos Fr\u00e8res ; nous nous sommes engag\u00e9s \u00e0 mettre en pratique la Grande Loi de Solidarit\u00e9 et \u00e0 porter assistance aux faibles. \u00bb<\/p>\n\n\n\n<p class=\"has-medium-font-size\"><strong>Son But ?<\/strong><\/p>\n\n\n\n<p>Secourir les S\u0153urs et les Fr\u00e8res ne figurant plus sur le tableau de Loge et atteint par les vicissitudes de la vie (ch\u00f4mage, accident, \u00e2ge) :<\/p>\n\n\n\n<ul class=\"wp-block-list\">\n<li>Souvent, la vieillesse charrie son lot de d\u00e9tresse morale ou financi\u00e8re.<\/li>\n\n\n\n<li>Souvent, la vieillesse engendre la maladie, la solitude, la d\u00e9pendance.<\/li>\n\n\n\n<li>Trop souvent, une d\u00e9mission masque le poids trop lourd d\u2019une capitation.<\/li>\n\n\n\n<li>Tr\u00e8s souvent, des S\u0153urs et des Fr\u00e8res disparaissent du tableau de Loge et par voie de cons\u00e9quence de notre m\u00e9moire.<\/li>\n<\/ul>\n\n\n\n<p>Par ses actions, Mathusalem essaie de garder le contact avec les S\u0153urs et les Fr\u00e8res (et leurs conjoints) \u00e9loign\u00e9s de leur Loge et de les accompagner dans ce changement de vie jusqu\u2019\u00e0 leur passage \u00e0 l\u2019Orient \u00e9ternel.<\/p>\n\n\n\n<p class=\"has-medium-font-size\"><strong>Comment ?<\/strong><\/p>\n\n\n\n<p>En \u00e9tant la porte que l\u2019on sait toujours ouverte, o\u00f9 chacun peut rencontrer des S\u0153urs ou des Fr\u00e8res qui peuvent \u00eatre des \u00ab complices en souvenirs et en sentiments \u00bb.<\/p>\n\n\n\n<p>En apportant avec diligence et comp\u00e9tence une assistance \u00e0 ceux et \u00e0 celles qui sont aux prises avec des probl\u00e8mes que l\u2019\u00e2ge ou la maladie rendent plus difficiles \u00e0 r\u00e9soudre.<\/p>\n\n\n\n<p>En communiquant un contact r\u00e9gulier avec les S\u0153urs et les Fr\u00e8res \u00e2g\u00e9s, handicap\u00e9s, solitaires, afin de d\u00e9tecter un trouble de sant\u00e9 ou affectif.<\/p>\n\n\n\n<p>En mobilisant tous ceux et celles qui peuvent consacrer un peu de leur temps \u00e0 nos S\u0153urs et Fr\u00e8res \u00e2g\u00e9s ou isol\u00e9s, car le chantier est grand.<\/p>\n\n\n\n<p class=\"has-medium-font-size\"><strong>Voil\u00e0 ce qu\u2019est Mathusalem !<\/strong><\/p>\n\n\n\n<p>Elle r\u00e9alisera son dessein gr\u00e2ce \u00e0 l\u2019appui du plus grand nombre de S\u0153urs et de Fr\u00e8res.<\/p>\n\n\n\n<p>Il est indispensable que dans chaque Loge, une S\u0153ur ou un Fr\u00e8re soit le repr\u00e9sentant de Mathusalem et charge le Secr\u00e9taire de rechercher dans le Tableau de sa Loge, en accord avec la ou le V\u2234 M\u2234 les S\u0153urs ou les Fr\u00e8res qui ne sont plus sur les colonnes, s\u2019inqui\u00e8te de leurs conditions de vie, de leurs conjoints et, le cas \u00e9ch\u00e9ant, avise Mathusalem.<\/p>\n\n\n\n<p>Mathusalem ne se substitue pas aux Hospitaliers mais se tient \u00e0 leur disposition.<\/p>\n\n\n\n<p>Peut-\u00eatre un jour sera-t-on heureux de trouver la main fraternelle d\u2019une S\u0153ur ou d\u2019un Fr\u00e8re de Mathusalem, alors, pourquoi attendre ce moment pour adh\u00e9rer ?<\/p>\n\n\n\n<p>Mathusalem, avec tous les Franc-Ma\u00e7ons, va vers ceux qui ont besoin de <strong>Solidarit\u00e9 &#8211; Fraternit\u00e9 &#8211; Joie<\/strong><\/p>\n\n\n\n<div style=\"height:35px\" aria-hidden=\"true\" class=\"wp-block-spacer\"><\/div>\n\n\n\n<figure class=\"wp-block-image size-full is-resized\"><img decoding=\"async\" src=\"https:\/\/mathusalem974.org\/wp-content\/uploads\/2023\/02\/Baseline.png\" alt=\"\" class=\"wp-image-79\" width=\"801\" height=\"64\" srcset=\"https:\/\/mathusalem974.org\/wp-content\/uploads\/2023\/02\/Baseline.png 596w, https:\/\/mathusalem974.org\/wp-content\/uploads\/2023\/02\/Baseline-300x24.png 300w, https:\/\/mathusalem974.org\/wp-content\/uploads\/2023\/02\/Baseline-230x19.png 230w, https:\/\/mathusalem974.org\/wp-content\/uploads\/2023\/02\/Baseline-350x28.png 350w, https:\/\/mathusalem974.org\/wp-content\/uploads\/2023\/02\/Baseline-480x39.png 480w\" sizes=\"(max-width: 801px) 100vw, 801px\" \/><\/figure>\n","protected":false},"excerpt":{"rendered":"<p>Parce que&#8230; perdre son emploi ou vieillir, c\u2019est se d\u00e9tacher peu \u00e0 peu de son groupe social habituel, celui des actifs, pour entrer dans un monde qui risque de devenir celui de l\u2019ennui et de la solitude. Parce que&#8230; si le d\u00e9veloppement des connaissances m\u00e9dicales permet \u00e0 chacun d\u2019envisager une vie plus longue, il ne le met pas \u00e0 l\u2019abri de l\u2019affaiblissement de ses facult\u00e9s. Parce que&#8230; \u00ab Le jour de son Initiation, nous, Franc-Ma\u00e7onnes et Franc-Ma\u00e7ons, avons pr\u00eat\u00e9 serment d\u2019assistance \u00e0 nos S\u0153urs et \u00e0 nos Fr\u00e8res ; nous nous sommes engag\u00e9s \u00e0 mettre en pratique la Grande Loi de Solidarit\u00e9 et \u00e0 porter assistance aux faibles. \u00bb Son But ? Secourir les S\u0153urs et les Fr\u00e8res ne figurant [&hellip;]<\/p>\n","protected":false},"author":1,"featured_media":58,"parent":0,"menu_order":0,"comment_status":"closed","ping_status":"closed","template":"","meta":{"footnotes":""},"class_list":["post-51","page","type-page","status-publish","has-post-thumbnail","hentry"],"_links":{"self":[{"href":"https:\/\/mathusalem974.org\/index.php\/wp-json\/wp\/v2\/pages\/51","targetHints":{"allow":["GET"]}}],"collection":[{"href":"https:\/\/mathusalem974.org\/index.php\/wp-json\/wp\/v2\/pages"}],"about":[{"href":"https:\/\/mathusalem974.org\/index.php\/wp-json\/wp\/v2\/types\/page"}],"author":[{"embeddable":true,"href":"https:\/\/mathusalem974.org\/index.php\/wp-json\/wp\/v2\/users\/1"}],"replies":[{"embeddable":true,"href":"https:\/\/mathusalem974.org\/index.php\/wp-json\/wp\/v2\/comments?post=51"}],"version-history":[{"count":6,"href":"https:\/\/mathusalem974.org\/index.php\/wp-json\/wp\/v2\/pages\/51\/revisions"}],"predecessor-version":[{"id":189,"href":"https:\/\/mathusalem974.org\/index.php\/wp-json\/wp\/v2\/pages\/51\/revisions\/189"}],"wp:featuredmedia":[{"embeddable":true,"href":"https:\/\/mathusalem974.org\/index.php\/wp-json\/wp\/v2\/media\/58"}],"wp:attachment":[{"href":"https:\/\/mathusalem974.org\/index.php\/wp-json\/wp\/v2\/media?parent=51"}],"curies":[{"name":"wp","href":"https:\/\/api.w.org\/{rel}","templated":true}]}}