{"id":81,"date":"2023-02-06T10:58:27","date_gmt":"2023-02-06T06:58:27","guid":{"rendered":"https:\/\/mathusalem974.org\/?page_id=81"},"modified":"2023-02-08T18:21:12","modified_gmt":"2023-02-08T14:21:12","slug":"actions","status":"publish","type":"page","link":"https:\/\/mathusalem974.org\/index.php\/actions\/","title":{"rendered":"ACTIONS"},"content":{"rendered":"\n<figure class=\"wp-block-image size-large is-resized\"><img fetchpriority=\"high\" decoding=\"async\" src=\"https:\/\/mathusalem974.org\/wp-content\/uploads\/2023\/02\/Presentation-1-1024x181.jpg\" alt=\"\" class=\"wp-image-58\" width=\"1066\" height=\"188\" srcset=\"https:\/\/mathusalem974.org\/wp-content\/uploads\/2023\/02\/Presentation-1-1024x181.jpg 1024w, https:\/\/mathusalem974.org\/wp-content\/uploads\/2023\/02\/Presentation-1-300x53.jpg 300w, https:\/\/mathusalem974.org\/wp-content\/uploads\/2023\/02\/Presentation-1-768x136.jpg 768w, https:\/\/mathusalem974.org\/wp-content\/uploads\/2023\/02\/Presentation-1-1536x272.jpg 1536w, https:\/\/mathusalem974.org\/wp-content\/uploads\/2023\/02\/Presentation-1-2048x362.jpg 2048w, https:\/\/mathusalem974.org\/wp-content\/uploads\/2023\/02\/Presentation-1-1000x177.jpg 1000w, https:\/\/mathusalem974.org\/wp-content\/uploads\/2023\/02\/Presentation-1-230x41.jpg 230w, https:\/\/mathusalem974.org\/wp-content\/uploads\/2023\/02\/Presentation-1-350x62.jpg 350w, https:\/\/mathusalem974.org\/wp-content\/uploads\/2023\/02\/Presentation-1-480x85.jpg 480w\" sizes=\"(max-width: 1066px) 100vw, 1066px\" \/><\/figure>\n\n\n\n<div style=\"height:24px\" aria-hidden=\"true\" class=\"wp-block-spacer\"><\/div>\n\n\n\n<p class=\"has-medium-font-size\"><strong>QUE FAIT MATHUSALEM<\/strong> ?<\/p>\n\n\n\n<ul class=\"wp-block-list\">\n<li>Action sociale<\/li>\n\n\n\n<li>Information, consultations et expertises dans divers domaines : administratif, juridique, social.<\/li>\n\n\n\n<li>Assistance aux S\u0153urs et Fr\u00e8res handicap\u00e9s, malades, accident\u00e9s, frapp\u00e9s par un deuil, etc.<\/li>\n\n\n\n<li>Aide pour le placement en maison de retraite ou de soins de convalescence.<\/li>\n\n\n\n<li>Visites \u00e0 domicile &#8211; entretien d\u2019un lien avec les isol\u00e9s (mat\u00e9riellement ou moralement).<\/li>\n\n\n\n<li>Respect des derni\u00e8res volont\u00e9s.<\/li>\n\n\n\n<li>Action culture et loisirs\n<ul class=\"wp-block-list\">\n<li>Visites en groupe de mus\u00e9es et expositions.<\/li>\n\n\n\n<li>Promenades \u00e0 th\u00e8me<\/li>\n\n\n\n<li>Tenues blanches ouvertes<\/li>\n\n\n\n<li>Conf\u00e9rences<\/li>\n\n\n\n<li>Repas<\/li>\n\n\n\n<li>Anniversaires<\/li>\n\n\n\n<li>Paniers de No\u00ebl<\/li>\n<\/ul>\n<\/li>\n<\/ul>\n\n\n\n<figure class=\"wp-block-image size-full is-resized\"><img decoding=\"async\" src=\"https:\/\/mathusalem974.org\/wp-content\/uploads\/2023\/02\/Baseline.png\" alt=\"\" class=\"wp-image-79\" width=\"779\" height=\"63\" srcset=\"https:\/\/mathusalem974.org\/wp-content\/uploads\/2023\/02\/Baseline.png 596w, https:\/\/mathusalem974.org\/wp-content\/uploads\/2023\/02\/Baseline-300x24.png 300w, https:\/\/mathusalem974.org\/wp-content\/uploads\/2023\/02\/Baseline-230x19.png 230w, https:\/\/mathusalem974.org\/wp-content\/uploads\/2023\/02\/Baseline-350x28.png 350w, https:\/\/mathusalem974.org\/wp-content\/uploads\/2023\/02\/Baseline-480x39.png 480w\" sizes=\"(max-width: 779px) 100vw, 779px\" \/><\/figure>\n","protected":false},"excerpt":{"rendered":"<p>QUE FAIT MATHUSALEM ?<\/p>\n","protected":false},"author":1,"featured_media":0,"parent":0,"menu_order":0,"comment_status":"closed","ping_status":"closed","template":"","meta":{"footnotes":""},"class_list":["post-81","page","type-page","status-publish","hentry"],"_links":{"self":[{"href":"https:\/\/mathusalem974.org\/index.php\/wp-json\/wp\/v2\/pages\/81","targetHints":{"allow":["GET"]}}],"collection":[{"href":"https:\/\/mathusalem974.org\/index.php\/wp-json\/wp\/v2\/pages"}],"about":[{"href":"https:\/\/mathusalem974.org\/index.php\/wp-json\/wp\/v2\/types\/page"}],"author":[{"embeddable":true,"href":"https:\/\/mathusalem974.org\/index.php\/wp-json\/wp\/v2\/users\/1"}],"replies":[{"embeddable":true,"href":"https:\/\/mathusalem974.org\/index.php\/wp-json\/wp\/v2\/comments?post=81"}],"version-history":[{"count":9,"href":"https:\/\/mathusalem974.org\/index.php\/wp-json\/wp\/v2\/pages\/81\/revisions"}],"predecessor-version":[{"id":190,"href":"https:\/\/mathusalem974.org\/index.php\/wp-json\/wp\/v2\/pages\/81\/revisions\/190"}],"wp:attachment":[{"href":"https:\/\/mathusalem974.org\/index.php\/wp-json\/wp\/v2\/media?parent=81"}],"curies":[{"name":"wp","href":"https:\/\/api.w.org\/{rel}","templated":true}]}}